{"id":3000,"date":"2018-02-17T13:08:13","date_gmt":"2018-02-17T13:08:13","guid":{"rendered":"https:\/\/www.hoteldoria.net\/h-doria\/"},"modified":"2022-04-22T08:54:13","modified_gmt":"2022-04-22T08:54:13","slug":"h-doria","status":"publish","type":"page","link":"https:\/\/www.hoteldoria.net\/de\/h-doria\/","title":{"rendered":"Hotel"},"content":{"rendered":"<p>[vc_row full_width=&#8220;stretch_row&#8220; css=&#8220;.vc_custom_1531729276201{padding-bottom: 80px !important;}&#8220;][vc_column]\t\t\t<div\r\n\t\t\t\tclass=\"main_title  text-left  \">\r\n\t\t\t\t<h2 class=\"title\">Hotel Doria, Herzlich willkommen!<\/h2>\r\n\t\t\t\t\t\t\t\t\t<p class=\"main_description\">Wir w\u00fcnschen Ihnen einen angenehmen Aufenthalt in unserem Hause.<\/p>\r\n\t\t\t\t\t\t\t<\/div>\r\n\t\t[vc_column_text]Sch\u00f6n, Sie begr\u00fc\u00dfen zu d\u00fcrfen. Erholung finden, Geselligkeit in famili\u00e4rer Atmosph\u00e4re genie\u00dfen und die Seele baumeln lassen. Bei einem Glas Wein und unserer bodenst\u00e4ndigen trentinischen K\u00fcche den Alltag vergessen oder sportlich aktiv die traumhafte Natur von Nago erkunden. Das Hotel Doria verf\u00fcgt \u00fcber 40 Zimmer-alle mit Bad, TV und Wlan-(gratis). Parkm\u00f6glichkeiten finden Sie neben dem Haus. F\u00fcr Sportler steht unser Hof zur Verf\u00fcgung wo Bikes, Surfbretter, Motorr\u00e4der sicher aufbewahrt werden k\u00f6nnen.<\/p>\n<p>Kletterw\u00e4nde der Schwierigkeit 4a -7c und der Busatte Adventure Park befinden sich in unmittelbarer N\u00e4he zu uns.Trailpisten in diversen Schwierigkeiten und asphaltierte Bikestrecken verlaufen durch Nago.<\/p>\n<p>Wir w\u00fcnschen Ihnen einen angenehmen Aufenthalt in unserem Hause.<\/p>\n<p>Ihre Familie Mazzoldi<br \/>\nF\u00fcr Sportler steht unser Hof zur Verf\u00fcgung wo bikes, Surfbretter, Motorr\u00e4der sicher aufbewahrt werden k\u00f6nnen.[\/vc_column_text][\/vc_column][\/vc_row][vc_row][vc_column]\t\t\t<div\r\n\t\t\t\tclass=\"main_title  text-left  \">\r\n\t\t\t\t<h2 class=\"title\">FOTO<\/h2>\r\n\t\t\t\t\t\t\t<\/div>\r\n\t\t[vc_row_inner][vc_column_inner]           \r\n            <div class=\"row\">\r\n\t            <div class=\"image-gallery\">\r\n\r\n                   \r\n                    <!-- GALLERY ITEM -->\r\n                    <div class=\"col-lg-3 col-sm-6\">\r\n                      <figure class=\"gradient-overlay-hover icon-zoom-hover zoom-image-hover\">\r\n                                                <a href=\"https:\/\/www.hoteldoria.net\/wp-content\/uploads\/2020\/01\/Doria_Appartamento_6673.jpg\">\r\n                          <img decoding=\"async\" src=\"https:\/\/www.hoteldoria.net\/wp-content\/uploads\/2020\/01\/Doria_Appartamento_6673.jpg\" class=\"img-responsive\">\r\n                        <\/a>\r\n                                            <\/figure>\r\n                    <\/div>\r\n\r\n                    \r\n                    <!-- GALLERY ITEM -->\r\n                    <div class=\"col-lg-3 col-sm-6\">\r\n                      <figure class=\"gradient-overlay-hover icon-zoom-hover zoom-image-hover\">\r\n                                                <a href=\"https:\/\/www.hoteldoria.net\/wp-content\/uploads\/2020\/01\/TerasseRichtungArco_Booking.jpg\">\r\n                          <img decoding=\"async\" src=\"https:\/\/www.hoteldoria.net\/wp-content\/uploads\/2020\/01\/TerasseRichtungArco_Booking.jpg\" class=\"img-responsive\">\r\n                        <\/a>\r\n                                            <\/figure>\r\n                    <\/div>\r\n\r\n                    \r\n                    <!-- GALLERY ITEM -->\r\n                    <div class=\"col-lg-3 col-sm-6\">\r\n                      <figure class=\"gradient-overlay-hover icon-zoom-hover zoom-image-hover\">\r\n                                                <a href=\"https:\/\/www.hoteldoria.net\/wp-content\/uploads\/2020\/01\/veduta-di-nago.jpg\">\r\n                          <img decoding=\"async\" src=\"https:\/\/www.hoteldoria.net\/wp-content\/uploads\/2020\/01\/veduta-di-nago.jpg\" class=\"img-responsive\">\r\n                        <\/a>\r\n                                            <\/figure>\r\n                    <\/div>\r\n\r\n                    \r\n                    <!-- GALLERY ITEM -->\r\n                    <div class=\"col-lg-3 col-sm-6\">\r\n                      <figure class=\"gradient-overlay-hover icon-zoom-hover zoom-image-hover\">\r\n                                                <a href=\"https:\/\/www.hoteldoria.net\/wp-content\/uploads\/2020\/01\/Web_Foyer_5615.jpg\">\r\n                          <img decoding=\"async\" src=\"https:\/\/www.hoteldoria.net\/wp-content\/uploads\/2020\/01\/Web_Foyer_5615.jpg\" class=\"img-responsive\">\r\n                        <\/a>\r\n                                            <\/figure>\r\n                    <\/div>\r\n\r\n                    \r\n\t                \t            <\/div>\r\n            <\/div>\r\n\r\n        [vc_column_text][\/vc_column_text][\/vc_column_inner][\/vc_row_inner][\/vc_column][\/vc_row]<\/p>\n","protected":false},"excerpt":{"rendered":"<p>[vc_row full_width=&#8220;stretch_row&#8220; css=&#8220;.vc_custom_1531729276201{padding-bottom: 80px !important;}&#8220;][vc_column][vc_column_text]Sch\u00f6n, Sie begr\u00fc\u00dfen zu d\u00fcrfen. Erholung finden, Geselligkeit in famili\u00e4rer Atmosph\u00e4re genie\u00dfen und die Seele baumeln lassen. Bei einem Glas Wein und unserer bodenst\u00e4ndigen trentinischen K\u00fcche den Alltag vergessen oder sportlich aktiv die traumhafte Natur von Nago erkunden. Das Hotel Doria verf\u00fcgt \u00fcber 40 Zimmer-alle mit Bad, TV und Wlan-(gratis). Parkm\u00f6glichkeiten [&hellip;]<\/p>\n","protected":false},"author":1,"featured_media":0,"parent":0,"menu_order":0,"comment_status":"closed","ping_status":"closed","template":"","meta":{"footnotes":""},"class_list":["post-3000","page","type-page","status-publish","hentry"],"yoast_head":"<!-- This site is optimized with the Yoast SEO plugin v27.6 - https:\/\/yoast.com\/product\/yoast-seo-wordpress\/ -->\n<title>Hotel - Hotel Doria<\/title>\n<meta name=\"robots\" content=\"index, follow, max-snippet:-1, max-image-preview:large, max-video-preview:-1\" \/>\n<link rel=\"canonical\" href=\"https:\/\/www.hoteldoria.net\/de\/h-doria\/\" \/>\n<meta property=\"og:locale\" content=\"de_DE\" \/>\n<meta property=\"og:type\" content=\"article\" \/>\n<meta property=\"og:title\" content=\"Hotel - Hotel Doria\" \/>\n<meta property=\"og:description\" content=\"[vc_row full_width=&#8220;stretch_row&#8220; css=&#8220;.vc_custom_1531729276201{padding-bottom: 80px !important;}&#8220;][vc_column][vc_column_text]Sch\u00f6n, Sie begr\u00fc\u00dfen zu d\u00fcrfen. Erholung finden, Geselligkeit in famili\u00e4rer Atmosph\u00e4re genie\u00dfen und die Seele baumeln lassen. Bei einem Glas Wein und unserer bodenst\u00e4ndigen trentinischen K\u00fcche den Alltag vergessen oder sportlich aktiv die traumhafte Natur von Nago erkunden. Das Hotel Doria verf\u00fcgt \u00fcber 40 Zimmer-alle mit Bad, TV und Wlan-(gratis). Parkm\u00f6glichkeiten [&hellip;]\" \/>\n<meta property=\"og:url\" content=\"https:\/\/www.hoteldoria.net\/de\/h-doria\/\" \/>\n<meta property=\"og:site_name\" content=\"Hotel Doria\" \/>\n<meta property=\"article:modified_time\" content=\"2022-04-22T08:54:13+00:00\" \/>\n<meta name=\"twitter:card\" content=\"summary_large_image\" \/>\n<meta name=\"twitter:label1\" content=\"Gesch\u00e4tzte Lesezeit\" \/>\n\t<meta name=\"twitter:data1\" content=\"1\u00a0Minute\" \/>\n<script type=\"application\/ld+json\" class=\"yoast-schema-graph\">{\"@context\":\"https:\\\/\\\/schema.org\",\"@graph\":[{\"@type\":\"WebPage\",\"@id\":\"https:\\\/\\\/www.hoteldoria.net\\\/de\\\/h-doria\\\/\",\"url\":\"https:\\\/\\\/www.hoteldoria.net\\\/de\\\/h-doria\\\/\",\"name\":\"Hotel - Hotel Doria\",\"isPartOf\":{\"@id\":\"https:\\\/\\\/www.hoteldoria.net\\\/#website\"},\"datePublished\":\"2018-02-17T13:08:13+00:00\",\"dateModified\":\"2022-04-22T08:54:13+00:00\",\"breadcrumb\":{\"@id\":\"https:\\\/\\\/www.hoteldoria.net\\\/de\\\/h-doria\\\/#breadcrumb\"},\"inLanguage\":\"de\",\"potentialAction\":[{\"@type\":\"ReadAction\",\"target\":[\"https:\\\/\\\/www.hoteldoria.net\\\/de\\\/h-doria\\\/\"]}]},{\"@type\":\"BreadcrumbList\",\"@id\":\"https:\\\/\\\/www.hoteldoria.net\\\/de\\\/h-doria\\\/#breadcrumb\",\"itemListElement\":[{\"@type\":\"ListItem\",\"position\":1,\"name\":\"Home\",\"item\":\"https:\\\/\\\/www.hoteldoria.net\\\/de\\\/\"},{\"@type\":\"ListItem\",\"position\":2,\"name\":\"Hotel\"}]},{\"@type\":\"WebSite\",\"@id\":\"https:\\\/\\\/www.hoteldoria.net\\\/#website\",\"url\":\"https:\\\/\\\/www.hoteldoria.net\\\/\",\"name\":\"Hotel Doria\",\"description\":\"F\u00fcr einen unvergesslichen Urlaub am Gardasee\",\"potentialAction\":[{\"@type\":\"SearchAction\",\"target\":{\"@type\":\"EntryPoint\",\"urlTemplate\":\"https:\\\/\\\/www.hoteldoria.net\\\/?s={search_term_string}\"},\"query-input\":{\"@type\":\"PropertyValueSpecification\",\"valueRequired\":true,\"valueName\":\"search_term_string\"}}],\"inLanguage\":\"de\"}]}<\/script>\n<!-- \/ Yoast SEO plugin. -->","yoast_head_json":{"title":"Hotel - Hotel Doria","robots":{"index":"index","follow":"follow","max-snippet":"max-snippet:-1","max-image-preview":"max-image-preview:large","max-video-preview":"max-video-preview:-1"},"canonical":"https:\/\/www.hoteldoria.net\/de\/h-doria\/","og_locale":"de_DE","og_type":"article","og_title":"Hotel - Hotel Doria","og_description":"[vc_row full_width=&#8220;stretch_row&#8220; css=&#8220;.vc_custom_1531729276201{padding-bottom: 80px !important;}&#8220;][vc_column][vc_column_text]Sch\u00f6n, Sie begr\u00fc\u00dfen zu d\u00fcrfen. Erholung finden, Geselligkeit in famili\u00e4rer Atmosph\u00e4re genie\u00dfen und die Seele baumeln lassen. Bei einem Glas Wein und unserer bodenst\u00e4ndigen trentinischen K\u00fcche den Alltag vergessen oder sportlich aktiv die traumhafte Natur von Nago erkunden. Das Hotel Doria verf\u00fcgt \u00fcber 40 Zimmer-alle mit Bad, TV und Wlan-(gratis). Parkm\u00f6glichkeiten [&hellip;]","og_url":"https:\/\/www.hoteldoria.net\/de\/h-doria\/","og_site_name":"Hotel Doria","article_modified_time":"2022-04-22T08:54:13+00:00","twitter_card":"summary_large_image","twitter_misc":{"Gesch\u00e4tzte Lesezeit":"1\u00a0Minute"},"schema":{"@context":"https:\/\/schema.org","@graph":[{"@type":"WebPage","@id":"https:\/\/www.hoteldoria.net\/de\/h-doria\/","url":"https:\/\/www.hoteldoria.net\/de\/h-doria\/","name":"Hotel - Hotel Doria","isPartOf":{"@id":"https:\/\/www.hoteldoria.net\/#website"},"datePublished":"2018-02-17T13:08:13+00:00","dateModified":"2022-04-22T08:54:13+00:00","breadcrumb":{"@id":"https:\/\/www.hoteldoria.net\/de\/h-doria\/#breadcrumb"},"inLanguage":"de","potentialAction":[{"@type":"ReadAction","target":["https:\/\/www.hoteldoria.net\/de\/h-doria\/"]}]},{"@type":"BreadcrumbList","@id":"https:\/\/www.hoteldoria.net\/de\/h-doria\/#breadcrumb","itemListElement":[{"@type":"ListItem","position":1,"name":"Home","item":"https:\/\/www.hoteldoria.net\/de\/"},{"@type":"ListItem","position":2,"name":"Hotel"}]},{"@type":"WebSite","@id":"https:\/\/www.hoteldoria.net\/#website","url":"https:\/\/www.hoteldoria.net\/","name":"Hotel Doria","description":"F\u00fcr einen unvergesslichen Urlaub am Gardasee","potentialAction":[{"@type":"SearchAction","target":{"@type":"EntryPoint","urlTemplate":"https:\/\/www.hoteldoria.net\/?s={search_term_string}"},"query-input":{"@type":"PropertyValueSpecification","valueRequired":true,"valueName":"search_term_string"}}],"inLanguage":"de"}]}},"_links":{"self":[{"href":"https:\/\/www.hoteldoria.net\/de\/wp-json\/wp\/v2\/pages\/3000","targetHints":{"allow":["GET"]}}],"collection":[{"href":"https:\/\/www.hoteldoria.net\/de\/wp-json\/wp\/v2\/pages"}],"about":[{"href":"https:\/\/www.hoteldoria.net\/de\/wp-json\/wp\/v2\/types\/page"}],"author":[{"embeddable":true,"href":"https:\/\/www.hoteldoria.net\/de\/wp-json\/wp\/v2\/users\/1"}],"replies":[{"embeddable":true,"href":"https:\/\/www.hoteldoria.net\/de\/wp-json\/wp\/v2\/comments?post=3000"}],"version-history":[{"count":6,"href":"https:\/\/www.hoteldoria.net\/de\/wp-json\/wp\/v2\/pages\/3000\/revisions"}],"predecessor-version":[{"id":3039,"href":"https:\/\/www.hoteldoria.net\/de\/wp-json\/wp\/v2\/pages\/3000\/revisions\/3039"}],"wp:attachment":[{"href":"https:\/\/www.hoteldoria.net\/de\/wp-json\/wp\/v2\/media?parent=3000"}],"curies":[{"name":"wp","href":"https:\/\/api.w.org\/{rel}","templated":true}]}}